{"id":1872,"date":"2015-05-14T17:32:06","date_gmt":"2015-05-14T17:32:06","guid":{"rendered":"https:\/\/www.bombi-abogados.es\/try\/?page_id=1872"},"modified":"2025-11-11T14:46:06","modified_gmt":"2025-11-11T12:46:06","slug":"oriol-almeda","status":"publish","type":"page","link":"https:\/\/www.bombi-abogados.es\/cat\/oriol-almeda\/","title":{"rendered":"Oriol Almeda Lorenz &#8211; Advocat"},"content":{"rendered":"<div class=\"wpb-content-wrapper\">[vc_row padding_top=&#8221;0&#8243; padding_bottom=&#8221;10&#8243;][vc_column last=&#8221;yes no&#8221;][vc_empty_space][\/vc_column][\/vc_row][vc_row padding_top=&#8221;0&#8243; padding_bottom=&#8221;10&#8243;][vc_column width=&#8221;1\/3&#8243; last=&#8221;yes no&#8221;][vc_column_text css=&#8221;&#8221;]<img decoding=\"async\" class=\"size-full wp-image-2347 aligncenter\" src=\"\/wp-content\/uploads\/2015\/07\/Team_15_04_C.jpg\" alt=\"Oriol Almeda Lorenz\" width=\"400\" height=\"400\" srcset=\"https:\/\/www.bombi-abogados.es\/cat\/wp-content\/uploads\/2015\/07\/Team_15_04_C.jpg 400w, https:\/\/www.bombi-abogados.es\/cat\/wp-content\/uploads\/2015\/07\/Team_15_04_C-150x150.jpg 150w, https:\/\/www.bombi-abogados.es\/cat\/wp-content\/uploads\/2015\/07\/Team_15_04_C-300x300.jpg 300w\" sizes=\"(max-width: 400px) 100vw, 400px\" \/>[\/vc_column_text][vc_empty_space height=&#8221;15px&#8221;][vc_column_text css=&#8221;&#8221;]<span style=\"font-size: 18px;\"><strong>Oriol Almeda Lorenz<\/strong><\/span><br \/>\n<em>Advocat<\/em>[\/vc_column_text][vc_empty_space height=&#8221;12px&#8221;]<style>.vcex-social-links.vcex_69df371781c4b{font-size:16px;}<\/style><div class=\"vcex-social-links vcex-module wpex-flex wpex-flex-wrap wpex-social-btns vcex-social-btns wpex-items-center wpex-gap-5 wpex-last-mr-0 vcex_69df371781c4b\"><a href=\"https:\/\/www.linkedin.com\/in\/j-oriol-almeda-lorenz-19299931\/\" class=\"vcex-social-links__item wpex-social-btn wpex-social-btn-flat wpex-social-bg wpex-linkedin\" target=\"_blank\" rel=\"noopener noreferrer\"><span class=\"vcex-social-links__icon wpex-icon\" aria-hidden=\"true\"><svg xmlns=\"http:\/\/www.w3.org\/2000\/svg\" viewBox=\"0 0 448 512\"><path d=\"M100.3 448H7.4V148.9h92.9zM53.8 108.1C24.1 108.1 0 83.5 0 53.8a53.8 53.8 0 0 1 107.6 0c0 29.7-24.1 54.3-53.8 54.3zM447.9 448h-92.7V302.4c0-34.7-.7-79.2-48.3-79.2-48.3 0-55.7 37.7-55.7 76.7V448h-92.8V148.9h89.1v40.8h1.3c12.4-23.5 42.7-48.3 87.9-48.3 94 0 111.3 61.9 111.3 142.3V448z\"\/><\/svg><\/span><span class=\"screen-reader-text\">LinkedIn<\/span><\/a><\/div>[\/vc_column][vc_column width=&#8221;2\/3&#8243;][vc_column_text css=&#8221;.vc_custom_1762865192064{padding-top: 0px !important;padding-right: 0px !important;padding-bottom: 0px !important;padding-left: 0px !important;}&#8221; padding=&#8221;0px 0px 0px 0px&#8221; animate=&#8221;no&#8221; animation=&#8221;none&#8221;]\n<h2 style=\"font-size: 18px;\"><strong><span style=\"color: #999999;\">Llicenciat en Dret i advocat en exercici<\/span><\/strong><\/h2>\n[\/vc_column_text][vc_empty_space][vc_column_text css=&#8221;.vc_custom_1762865204171{padding-top: 0px !important;padding-right: 0px !important;padding-bottom: 0px !important;padding-left: 0px !important;}&#8221; padding=&#8221;0px 0px 0px 0px&#8221; animate=&#8221;no&#8221; animation=&#8221;none&#8221;]Llicenciat en Dret i advocat en exercici, Oriol pertany al departament Penal del despatx. \u00c9s especialista en dret penal econ\u00f2mic i en procediments penals.<\/p>\n<p>Formaci\u00f3 acad\u00e8mica: llicenciat en dret per la Universitat de Barcelona.<\/p>\n<p>Idiomes: castell\u00e0, catal\u00e0 i angl\u00e8s.<\/p>\n<p>N\u00ba Col\u00b7legiat (ICAB):\u00a0<em>34.110<\/em>[\/vc_column_text][\/vc_column][\/vc_row]\n<\/div>","protected":false},"excerpt":{"rendered":"<p>[vc_row padding_top=&#8221;0&#8243; padding_bottom=&#8221;10&#8243;][vc_column last=&#8221;yes no&#8221;][vc_empty_space][\/vc_column][\/vc_row][vc_row padding_top=&#8221;0&#8243; padding_bottom=&#8221;10&#8243;][vc_column width=&#8221;1\/3&#8243; last=&#8221;yes no&#8221;][vc_column_text css=&#8221;&#8221;][\/vc_column_text][vc_empty_space height=&#8221;15px&#8221;][vc_column_text css=&#8221;&#8221;]Oriol Almeda Lorenz Advocat[\/vc_column_text][vc_empty_space height=&#8221;12px&#8221;][\/vc_column][vc_column width=&#8221;2\/3&#8243;][vc_column_text css=&#8221;.vc_custom_1762865192064{padding-top: 0px !important;padding-right: 0px !important;padding-bottom: 0px !important;padding-left: 0px !important;}&#8221; padding=&#8221;0px 0px 0px 0px&#8221; animate=&#8221;no&#8221; animation=&#8221;none&#8221;] Llicenciat en Dret i advocat en exercici [\/vc_column_text][vc_empty_space][vc_column_text css=&#8221;.vc_custom_1762865204171{padding-top: 0px !important;padding-right: 0px !important;padding-bottom: 0px !important;padding-left: 0px !important;}&#8221; padding=&#8221;0px 0px 0px 0px&#8221; animate=&#8221;no&#8221;&hellip;<\/p>\n","protected":false},"author":2,"featured_media":0,"parent":0,"menu_order":0,"comment_status":"open","ping_status":"open","template":"","meta":{"footnotes":""},"class_list":["post-1872","page","type-page","status-publish","hentry","entry","no-media"],"yoast_head":"<!-- This site is optimized with the Yoast SEO plugin v27.4 - https:\/\/yoast.com\/product\/yoast-seo-wordpress\/ -->\n<title>Oriol Almeda Lorenz - Advocat<\/title>\n<meta name=\"description\" content=\"BOMBI &amp; RIPOLL. Oriol Almeda Lorenz, llicenciat en Dret, \u00e9s especialista en Dret Penal Econ\u00f2mic i en procediments penals\" \/>\n<meta name=\"robots\" content=\"index, follow, max-snippet:-1, max-image-preview:large, max-video-preview:-1\" \/>\n<link rel=\"canonical\" href=\"https:\/\/www.bombi-abogados.es\/cat\/oriol-almeda\/\" \/>\n<meta property=\"og:locale\" content=\"ca_ES\" \/>\n<meta property=\"og:type\" content=\"article\" \/>\n<meta property=\"og:title\" content=\"Oriol Almeda Lorenz - Advocat\" \/>\n<meta property=\"og:description\" content=\"BOMBI &amp; RIPOLL. Oriol Almeda Lorenz, llicenciat en Dret, \u00e9s especialista en Dret Penal Econ\u00f2mic i en procediments penals\" \/>\n<meta property=\"og:url\" content=\"https:\/\/www.bombi-abogados.es\/cat\/oriol-almeda\/\" \/>\n<meta property=\"og:site_name\" content=\"Bomb\u00ed &amp; Ripoll Bufet Advocats Barcelona\" \/>\n<meta property=\"article:modified_time\" content=\"2025-11-11T12:46:06+00:00\" \/>\n<meta name=\"twitter:card\" content=\"summary_large_image\" \/>\n<meta name=\"twitter:label1\" content=\"Temps estimat de lectura\" \/>\n\t<meta name=\"twitter:data1\" content=\"1 minut\" \/>\n<script type=\"application\/ld+json\" class=\"yoast-schema-graph\">{\"@context\":\"https:\\\/\\\/schema.org\",\"@graph\":[{\"@type\":\"WebPage\",\"@id\":\"https:\\\/\\\/www.bombi-abogados.es\\\/cat\\\/oriol-almeda\\\/\",\"url\":\"https:\\\/\\\/www.bombi-abogados.es\\\/cat\\\/oriol-almeda\\\/\",\"name\":\"Oriol Almeda Lorenz - Advocat\",\"isPartOf\":{\"@id\":\"https:\\\/\\\/www.bombi-abogados.es\\\/cat\\\/#website\"},\"datePublished\":\"2015-05-14T17:32:06+00:00\",\"dateModified\":\"2025-11-11T12:46:06+00:00\",\"description\":\"BOMBI & RIPOLL. Oriol Almeda Lorenz, llicenciat en Dret, \u00e9s especialista en Dret Penal Econ\u00f2mic i en procediments penals\",\"breadcrumb\":{\"@id\":\"https:\\\/\\\/www.bombi-abogados.es\\\/cat\\\/oriol-almeda\\\/#breadcrumb\"},\"inLanguage\":\"ca\",\"potentialAction\":[{\"@type\":\"ReadAction\",\"target\":[\"https:\\\/\\\/www.bombi-abogados.es\\\/cat\\\/oriol-almeda\\\/\"]}]},{\"@type\":\"BreadcrumbList\",\"@id\":\"https:\\\/\\\/www.bombi-abogados.es\\\/cat\\\/oriol-almeda\\\/#breadcrumb\",\"itemListElement\":[{\"@type\":\"ListItem\",\"position\":1,\"name\":\"Portada\",\"item\":\"https:\\\/\\\/www.bombi-abogados.es\\\/cat\\\/\"},{\"@type\":\"ListItem\",\"position\":2,\"name\":\"Oriol Almeda Lorenz &#8211; Advocat\"}]},{\"@type\":\"WebSite\",\"@id\":\"https:\\\/\\\/www.bombi-abogados.es\\\/cat\\\/#website\",\"url\":\"https:\\\/\\\/www.bombi-abogados.es\\\/cat\\\/\",\"name\":\"Bomb\u00ed &amp; Ripoll Bufet Advocats Barcelona\",\"description\":\"\",\"publisher\":{\"@id\":\"https:\\\/\\\/www.bombi-abogados.es\\\/cat\\\/#organization\"},\"potentialAction\":[{\"@type\":\"SearchAction\",\"target\":{\"@type\":\"EntryPoint\",\"urlTemplate\":\"https:\\\/\\\/www.bombi-abogados.es\\\/cat\\\/?s={search_term_string}\"},\"query-input\":{\"@type\":\"PropertyValueSpecification\",\"valueRequired\":true,\"valueName\":\"search_term_string\"}}],\"inLanguage\":\"ca\"},{\"@type\":\"Organization\",\"@id\":\"https:\\\/\\\/www.bombi-abogados.es\\\/cat\\\/#organization\",\"name\":\"BOMB\u00cd & RIPOLL ADVOCATS, SCP\",\"url\":\"https:\\\/\\\/www.bombi-abogados.es\\\/cat\\\/\",\"logo\":{\"@type\":\"ImageObject\",\"inLanguage\":\"ca\",\"@id\":\"https:\\\/\\\/www.bombi-abogados.es\\\/cat\\\/#\\\/schema\\\/logo\\\/image\\\/\",\"url\":\"https:\\\/\\\/www.bombi-abogados.es\\\/cat\\\/wp-content\\\/uploads\\\/2017\\\/06\\\/logo-2016.jpg\",\"contentUrl\":\"https:\\\/\\\/www.bombi-abogados.es\\\/cat\\\/wp-content\\\/uploads\\\/2017\\\/06\\\/logo-2016.jpg\",\"width\":265,\"height\":73,\"caption\":\"BOMB\u00cd & RIPOLL ADVOCATS, SCP\"},\"image\":{\"@id\":\"https:\\\/\\\/www.bombi-abogados.es\\\/cat\\\/#\\\/schema\\\/logo\\\/image\\\/\"}}]}<\/script>\n<!-- \/ Yoast SEO plugin. -->","yoast_head_json":{"title":"Oriol Almeda Lorenz - Advocat","description":"BOMBI & RIPOLL. Oriol Almeda Lorenz, llicenciat en Dret, \u00e9s especialista en Dret Penal Econ\u00f2mic i en procediments penals","robots":{"index":"index","follow":"follow","max-snippet":"max-snippet:-1","max-image-preview":"max-image-preview:large","max-video-preview":"max-video-preview:-1"},"canonical":"https:\/\/www.bombi-abogados.es\/cat\/oriol-almeda\/","og_locale":"ca_ES","og_type":"article","og_title":"Oriol Almeda Lorenz - Advocat","og_description":"BOMBI & RIPOLL. Oriol Almeda Lorenz, llicenciat en Dret, \u00e9s especialista en Dret Penal Econ\u00f2mic i en procediments penals","og_url":"https:\/\/www.bombi-abogados.es\/cat\/oriol-almeda\/","og_site_name":"Bomb\u00ed &amp; Ripoll Bufet Advocats Barcelona","article_modified_time":"2025-11-11T12:46:06+00:00","twitter_card":"summary_large_image","twitter_misc":{"Temps estimat de lectura":"1 minut"},"schema":{"@context":"https:\/\/schema.org","@graph":[{"@type":"WebPage","@id":"https:\/\/www.bombi-abogados.es\/cat\/oriol-almeda\/","url":"https:\/\/www.bombi-abogados.es\/cat\/oriol-almeda\/","name":"Oriol Almeda Lorenz - Advocat","isPartOf":{"@id":"https:\/\/www.bombi-abogados.es\/cat\/#website"},"datePublished":"2015-05-14T17:32:06+00:00","dateModified":"2025-11-11T12:46:06+00:00","description":"BOMBI & RIPOLL. Oriol Almeda Lorenz, llicenciat en Dret, \u00e9s especialista en Dret Penal Econ\u00f2mic i en procediments penals","breadcrumb":{"@id":"https:\/\/www.bombi-abogados.es\/cat\/oriol-almeda\/#breadcrumb"},"inLanguage":"ca","potentialAction":[{"@type":"ReadAction","target":["https:\/\/www.bombi-abogados.es\/cat\/oriol-almeda\/"]}]},{"@type":"BreadcrumbList","@id":"https:\/\/www.bombi-abogados.es\/cat\/oriol-almeda\/#breadcrumb","itemListElement":[{"@type":"ListItem","position":1,"name":"Portada","item":"https:\/\/www.bombi-abogados.es\/cat\/"},{"@type":"ListItem","position":2,"name":"Oriol Almeda Lorenz &#8211; Advocat"}]},{"@type":"WebSite","@id":"https:\/\/www.bombi-abogados.es\/cat\/#website","url":"https:\/\/www.bombi-abogados.es\/cat\/","name":"Bomb\u00ed &amp; Ripoll Bufet Advocats Barcelona","description":"","publisher":{"@id":"https:\/\/www.bombi-abogados.es\/cat\/#organization"},"potentialAction":[{"@type":"SearchAction","target":{"@type":"EntryPoint","urlTemplate":"https:\/\/www.bombi-abogados.es\/cat\/?s={search_term_string}"},"query-input":{"@type":"PropertyValueSpecification","valueRequired":true,"valueName":"search_term_string"}}],"inLanguage":"ca"},{"@type":"Organization","@id":"https:\/\/www.bombi-abogados.es\/cat\/#organization","name":"BOMB\u00cd & RIPOLL ADVOCATS, SCP","url":"https:\/\/www.bombi-abogados.es\/cat\/","logo":{"@type":"ImageObject","inLanguage":"ca","@id":"https:\/\/www.bombi-abogados.es\/cat\/#\/schema\/logo\/image\/","url":"https:\/\/www.bombi-abogados.es\/cat\/wp-content\/uploads\/2017\/06\/logo-2016.jpg","contentUrl":"https:\/\/www.bombi-abogados.es\/cat\/wp-content\/uploads\/2017\/06\/logo-2016.jpg","width":265,"height":73,"caption":"BOMB\u00cd & RIPOLL ADVOCATS, SCP"},"image":{"@id":"https:\/\/www.bombi-abogados.es\/cat\/#\/schema\/logo\/image\/"}}]}},"_links":{"self":[{"href":"https:\/\/www.bombi-abogados.es\/cat\/wp-json\/wp\/v2\/pages\/1872","targetHints":{"allow":["GET"]}}],"collection":[{"href":"https:\/\/www.bombi-abogados.es\/cat\/wp-json\/wp\/v2\/pages"}],"about":[{"href":"https:\/\/www.bombi-abogados.es\/cat\/wp-json\/wp\/v2\/types\/page"}],"author":[{"embeddable":true,"href":"https:\/\/www.bombi-abogados.es\/cat\/wp-json\/wp\/v2\/users\/2"}],"replies":[{"embeddable":true,"href":"https:\/\/www.bombi-abogados.es\/cat\/wp-json\/wp\/v2\/comments?post=1872"}],"version-history":[{"count":12,"href":"https:\/\/www.bombi-abogados.es\/cat\/wp-json\/wp\/v2\/pages\/1872\/revisions"}],"predecessor-version":[{"id":4350,"href":"https:\/\/www.bombi-abogados.es\/cat\/wp-json\/wp\/v2\/pages\/1872\/revisions\/4350"}],"wp:attachment":[{"href":"https:\/\/www.bombi-abogados.es\/cat\/wp-json\/wp\/v2\/media?parent=1872"}],"curies":[{"name":"wp","href":"https:\/\/api.w.org\/{rel}","templated":true}]}}