{"id":2519,"date":"2017-06-22T09:53:27","date_gmt":"2017-06-22T09:53:27","guid":{"rendered":"https:\/\/www.bombi-abogados.es\/?page_id=2519"},"modified":"2025-11-14T15:00:54","modified_gmt":"2025-11-14T13:00:54","slug":"advertiment-legal","status":"publish","type":"page","link":"https:\/\/www.bombi-abogados.es\/cat\/advertiment-legal\/","title":{"rendered":"Advertiment legal"},"content":{"rendered":"<div class=\"wpb-content-wrapper\">[vc_row][vc_column][vc_column_text css=&#8221;&#8221;]\n<h2>Consulteu la nostra informaci\u00f3 legal<\/h2>\n<h3>Dades registrals i generals<\/h3>\n<p>BOMB\u00cd &amp; RIPOLL ADVOCATS, SCP. \u00e9s una Societat civil inscrita al Registre Mercantil de Barcelona al Full B-454778, Tom 44393, Inscripci\u00f3 1a i amb C.I.F n\u00ba J-66329368.<\/p>\n<p>Les nostres <u>dades de contacte<\/u> s\u00f3n les seg\u00fcents:<\/p>\n<p>Domicili: Roger de Ll\u00faria 147, Bajos y Entresuelo 2\u00aa, Barcelona 08037.<\/p>\n<p>Tel\u00e8fon: 93 500 83 83.<\/p>\n<p>Correu Electr\u00f2nic: <a href=\"mailto:info@bombi-abogados.es\">info@bombi-abogados.es<\/a>.<\/p>\n<p>La normativa aplicable a l&#8217;exercici de la nostra professi\u00f3 la podreu trobar a la p\u00e0gina web: <a href=\"https:\/\/www.abogacia.es\/\" target=\"_blank\" rel=\"noopener\">www.abogacia.es<\/a>.<\/p>\n<h2>Objecte i contingut del lloc web<\/h2>\n<p>Aquest lloc web t\u00e9 un car\u00e0cter merament informatiu. La informaci\u00f3 inclosa al lloc web, especialment a qualsevol dels Butlletins, no constitueix en cap cas un mitj\u00e0 d&#8217;assessorament i la seva utilitzaci\u00f3 \u00e9s responsabilitat exclusiva de l&#8217;usuari. BOMBI &amp; RIPOLL ADVOCATS no ser\u00e0 en cap cas responsable dels errors o omissions que poguessin existir a la informaci\u00f3 facilitada, ni de l&#8217;aplicaci\u00f3 o \u00fas concret que pogu\u00e9s fer-se&#8217;n.<\/p>\n<p>BOMBI &amp; RIPOLL ADVOCATS es reserva el dret de modificar en qualsevol moment i sense av\u00eds previ el contingut de la web, aquesta Advert\u00e8ncia Legal general i qualsevol advertiment legal espec\u00edfic, aix\u00ed com les condicions d&#8217;\u00fas o la pol\u00edtica de privadesa que puguin resultar aplicables a la present web Propietat Intel\u00b7lectual.<\/p>\n<p>Queden reservats a favor de BOMBI &amp; RIPOLL ADVOCATS tots els drets sobre els continguts -textuals i gr\u00e0fics- tant de la p\u00e0gina web com dels Butlletins Informatius, que hi apareixen.<\/p>\n<h2>Protecci\u00f3 de Dades<\/h2>\n<p>BOMBI &amp; RIPOLL ADVOCATS es reserva la facultat d&#8217;incloure en un fitxer de dades de car\u00e0cter personal creat sota la nostra responsabilitat les dades que ens faciliteu volunt\u00e0riament (per exemple a trav\u00e9s del correu electr\u00f2nic o de formularis posats a la vostra disposici\u00f3 en aquest lloc web) amb la finalitat de poder gestionar les vostres peticions i\/o consultes.<\/p>\n<p>Podeu exercir els drets d&#8217;acc\u00e9s, rectificaci\u00f3, cancel\u00b7laci\u00f3 i oposici\u00f3 dirigint a aquest efecte un escrit (acompanyant c\u00f2pia d&#8217;un document oficial que us identifiqui) a BOMBI &amp; RIPOLL ADVOCATS (Roger de Ll\u00faria 147, Barcelona 08037), o enviant un correu electr\u00f2nic a a <a href=\"mailto:info@bombi-abogados.es\">info@bombi-abogados.es<\/a> indicant al sobre o a l&#8217;assumpte del missatge la refer\u00e8ncia: &#8216;Advertiment legal&#8217;.<\/p>\n<p>BOMBI &amp; RIPOLL ADVOCATS es compromet a observar l&#8217;obligaci\u00f3 de secret de les dades de car\u00e0cter personal que ens faciliti, a tractar-les de forma confidencial ia guardar-les adoptant les mesures necess\u00e0ries per evitar la seva alteraci\u00f3, p\u00e8rdua, tractament o acc\u00e9s no autoritzats, tenint en compte en tot moment l&#8217;estat de la tecnologia.<\/p>\n<p>A la nostra p\u00e0gina web no hi ha hipervincles que permetin la comunicaci\u00f3 de les seves dades a altres p\u00e0gines web. A m\u00e9s, les vostres dades no seran segmentades ni tampoc farem \u00fas de m\u00e8todes invisibles de dades personals. \u00c9s possible que a la nostra p\u00e0gina web hi hagi formularis en qu\u00e8 es demanin les seves dades per a finalitats concretes. En aquestes circumst\u00e0ncies cal atenir-se a les condicions espec\u00edfiques aplicables en cada cas.<\/p>\n<h3>Xarxes socials<\/h3>\n<p>Posem en el seu coneixement que estem presents a Xarxes Socials. El tractament de les dades que es realitzi de les persones que es facin seguidores (i\/o realitzin qualsevol vincle o acci\u00f3 de connexi\u00f3 a trav\u00e9s de les Xarxes Socials) de les p\u00e0gines oficials de BOMBI &amp; RIPOLL ADVOCATS, a les xarxes socials, es regir\u00e0 per aquest apartat, aix\u00ed com per aquelles Condicions d&#8217;\u00fas, pol\u00edtiques de privadesa i altres normatives d&#8217;acc\u00e9s, que l&#8217;usuari de les Xarxes Socials ja haur\u00e0 acceptat.<\/p>\n<p>BOMBI &amp; RIPOLL ADVOCATS, tractar\u00e0 les vostres dades amb les finalitats d&#8217;administrar correctament la vostra pres\u00e8ncia a la xarxa social que correspongui, informar-ho d&#8217;activitats productes o serveis de BOMBI &amp; RIPOLL ADVOCATS, o de tercers que puguin estar relacionats amb la nostra activitat aix\u00ed com per a qualsevol altra finalitat que les normatives de les Xarxes Socials puguin permetre.<\/p>\n<h3>Enlla\u00e7os<\/h3>\n<p>En punxar en qualsevol dels enlla\u00e7os (o hiperenlla\u00e7os) que puguin apar\u00e8ixer al nostre lloc web, vost\u00e8 accepta fer-ho a t\u00edtol informatiu i reconeix que BOMBI &amp; RIPOLL ADVOCATS no exerceix cap control sobre ni respon del contingut de la informaci\u00f3 a qu\u00e8 accedeixi.<\/p>\n<h2>Llei aplicable<\/h2>\n<p>Aquesta Advert\u00e8ncia Legal es regeix per la normativa estatal aplicable.[\/vc_column_text][vc_empty_space][\/vc_column][\/vc_row]\n<\/div>","protected":false},"excerpt":{"rendered":"<p>[vc_row][vc_column][vc_column_text css=&#8221;&#8221;] Consulteu la nostra informaci\u00f3 legal Dades registrals i generals BOMB\u00cd &amp; RIPOLL ADVOCATS, SCP. \u00e9s una Societat civil inscrita al Registre Mercantil de Barcelona al Full B-454778, Tom 44393, Inscripci\u00f3 1a i amb C.I.F n\u00ba J-66329368. Les nostres dades de contacte s\u00f3n les seg\u00fcents: Domicili: Roger de Ll\u00faria 147, Bajos y Entresuelo 2\u00aa,&hellip;<\/p>\n","protected":false},"author":3,"featured_media":0,"parent":0,"menu_order":0,"comment_status":"closed","ping_status":"closed","template":"","meta":{"footnotes":""},"class_list":["post-2519","page","type-page","status-publish","hentry","entry","no-media"],"yoast_head":"<!-- This site is optimized with the Yoast SEO plugin v27.4 - https:\/\/yoast.com\/product\/yoast-seo-wordpress\/ -->\n<title>Advertiment legal<\/title>\n<meta name=\"description\" content=\"BOMB\u00cd &amp; RIPOLL. Consulteu el nostre av\u00eds legal i conegueu les condicions d&#039;\u00fas i navegaci\u00f3 del nostre lloc web\" \/>\n<meta name=\"robots\" content=\"noindex, follow\" \/>\n<meta property=\"og:locale\" content=\"ca_ES\" \/>\n<meta property=\"og:type\" content=\"article\" \/>\n<meta property=\"og:title\" content=\"Advertiment legal\" \/>\n<meta property=\"og:description\" content=\"BOMB\u00cd &amp; RIPOLL. Consulteu el nostre av\u00eds legal i conegueu les condicions d&#039;\u00fas i navegaci\u00f3 del nostre lloc web\" \/>\n<meta property=\"og:url\" content=\"https:\/\/www.bombi-abogados.es\/cat\/advertiment-legal\/\" \/>\n<meta property=\"og:site_name\" content=\"Bomb\u00ed &amp; Ripoll Bufet Advocats Barcelona\" \/>\n<meta property=\"article:modified_time\" content=\"2025-11-14T13:00:54+00:00\" \/>\n<meta name=\"twitter:card\" content=\"summary_large_image\" \/>\n<meta name=\"twitter:label1\" content=\"Temps estimat de lectura\" \/>\n\t<meta name=\"twitter:data1\" content=\"4 minuts\" \/>\n<script type=\"application\/ld+json\" class=\"yoast-schema-graph\">{\"@context\":\"https:\\\/\\\/schema.org\",\"@graph\":[{\"@type\":\"WebPage\",\"@id\":\"https:\\\/\\\/www.bombi-abogados.es\\\/cat\\\/advertiment-legal\\\/\",\"url\":\"https:\\\/\\\/www.bombi-abogados.es\\\/cat\\\/advertiment-legal\\\/\",\"name\":\"Advertiment legal\",\"isPartOf\":{\"@id\":\"https:\\\/\\\/www.bombi-abogados.es\\\/cat\\\/#website\"},\"datePublished\":\"2017-06-22T09:53:27+00:00\",\"dateModified\":\"2025-11-14T13:00:54+00:00\",\"description\":\"BOMB\u00cd & RIPOLL. Consulteu el nostre av\u00eds legal i conegueu les condicions d'\u00fas i navegaci\u00f3 del nostre lloc web\",\"breadcrumb\":{\"@id\":\"https:\\\/\\\/www.bombi-abogados.es\\\/cat\\\/advertiment-legal\\\/#breadcrumb\"},\"inLanguage\":\"ca\",\"potentialAction\":[{\"@type\":\"ReadAction\",\"target\":[\"https:\\\/\\\/www.bombi-abogados.es\\\/cat\\\/advertiment-legal\\\/\"]}]},{\"@type\":\"BreadcrumbList\",\"@id\":\"https:\\\/\\\/www.bombi-abogados.es\\\/cat\\\/advertiment-legal\\\/#breadcrumb\",\"itemListElement\":[{\"@type\":\"ListItem\",\"position\":1,\"name\":\"Portada\",\"item\":\"https:\\\/\\\/www.bombi-abogados.es\\\/cat\\\/\"},{\"@type\":\"ListItem\",\"position\":2,\"name\":\"Advertiment legal\"}]},{\"@type\":\"WebSite\",\"@id\":\"https:\\\/\\\/www.bombi-abogados.es\\\/cat\\\/#website\",\"url\":\"https:\\\/\\\/www.bombi-abogados.es\\\/cat\\\/\",\"name\":\"Bomb\u00ed &amp; Ripoll Bufet Advocats Barcelona\",\"description\":\"\",\"publisher\":{\"@id\":\"https:\\\/\\\/www.bombi-abogados.es\\\/cat\\\/#organization\"},\"potentialAction\":[{\"@type\":\"SearchAction\",\"target\":{\"@type\":\"EntryPoint\",\"urlTemplate\":\"https:\\\/\\\/www.bombi-abogados.es\\\/cat\\\/?s={search_term_string}\"},\"query-input\":{\"@type\":\"PropertyValueSpecification\",\"valueRequired\":true,\"valueName\":\"search_term_string\"}}],\"inLanguage\":\"ca\"},{\"@type\":\"Organization\",\"@id\":\"https:\\\/\\\/www.bombi-abogados.es\\\/cat\\\/#organization\",\"name\":\"BOMB\u00cd & RIPOLL ADVOCATS, SCP\",\"url\":\"https:\\\/\\\/www.bombi-abogados.es\\\/cat\\\/\",\"logo\":{\"@type\":\"ImageObject\",\"inLanguage\":\"ca\",\"@id\":\"https:\\\/\\\/www.bombi-abogados.es\\\/cat\\\/#\\\/schema\\\/logo\\\/image\\\/\",\"url\":\"https:\\\/\\\/www.bombi-abogados.es\\\/cat\\\/wp-content\\\/uploads\\\/2017\\\/06\\\/logo-2016.jpg\",\"contentUrl\":\"https:\\\/\\\/www.bombi-abogados.es\\\/cat\\\/wp-content\\\/uploads\\\/2017\\\/06\\\/logo-2016.jpg\",\"width\":265,\"height\":73,\"caption\":\"BOMB\u00cd & RIPOLL ADVOCATS, SCP\"},\"image\":{\"@id\":\"https:\\\/\\\/www.bombi-abogados.es\\\/cat\\\/#\\\/schema\\\/logo\\\/image\\\/\"}}]}<\/script>\n<!-- \/ Yoast SEO plugin. -->","yoast_head_json":{"title":"Advertiment legal","description":"BOMB\u00cd & RIPOLL. Consulteu el nostre av\u00eds legal i conegueu les condicions d'\u00fas i navegaci\u00f3 del nostre lloc web","robots":{"index":"noindex","follow":"follow"},"og_locale":"ca_ES","og_type":"article","og_title":"Advertiment legal","og_description":"BOMB\u00cd & RIPOLL. Consulteu el nostre av\u00eds legal i conegueu les condicions d'\u00fas i navegaci\u00f3 del nostre lloc web","og_url":"https:\/\/www.bombi-abogados.es\/cat\/advertiment-legal\/","og_site_name":"Bomb\u00ed &amp; Ripoll Bufet Advocats Barcelona","article_modified_time":"2025-11-14T13:00:54+00:00","twitter_card":"summary_large_image","twitter_misc":{"Temps estimat de lectura":"4 minuts"},"schema":{"@context":"https:\/\/schema.org","@graph":[{"@type":"WebPage","@id":"https:\/\/www.bombi-abogados.es\/cat\/advertiment-legal\/","url":"https:\/\/www.bombi-abogados.es\/cat\/advertiment-legal\/","name":"Advertiment legal","isPartOf":{"@id":"https:\/\/www.bombi-abogados.es\/cat\/#website"},"datePublished":"2017-06-22T09:53:27+00:00","dateModified":"2025-11-14T13:00:54+00:00","description":"BOMB\u00cd & RIPOLL. Consulteu el nostre av\u00eds legal i conegueu les condicions d'\u00fas i navegaci\u00f3 del nostre lloc web","breadcrumb":{"@id":"https:\/\/www.bombi-abogados.es\/cat\/advertiment-legal\/#breadcrumb"},"inLanguage":"ca","potentialAction":[{"@type":"ReadAction","target":["https:\/\/www.bombi-abogados.es\/cat\/advertiment-legal\/"]}]},{"@type":"BreadcrumbList","@id":"https:\/\/www.bombi-abogados.es\/cat\/advertiment-legal\/#breadcrumb","itemListElement":[{"@type":"ListItem","position":1,"name":"Portada","item":"https:\/\/www.bombi-abogados.es\/cat\/"},{"@type":"ListItem","position":2,"name":"Advertiment legal"}]},{"@type":"WebSite","@id":"https:\/\/www.bombi-abogados.es\/cat\/#website","url":"https:\/\/www.bombi-abogados.es\/cat\/","name":"Bomb\u00ed &amp; Ripoll Bufet Advocats Barcelona","description":"","publisher":{"@id":"https:\/\/www.bombi-abogados.es\/cat\/#organization"},"potentialAction":[{"@type":"SearchAction","target":{"@type":"EntryPoint","urlTemplate":"https:\/\/www.bombi-abogados.es\/cat\/?s={search_term_string}"},"query-input":{"@type":"PropertyValueSpecification","valueRequired":true,"valueName":"search_term_string"}}],"inLanguage":"ca"},{"@type":"Organization","@id":"https:\/\/www.bombi-abogados.es\/cat\/#organization","name":"BOMB\u00cd & RIPOLL ADVOCATS, SCP","url":"https:\/\/www.bombi-abogados.es\/cat\/","logo":{"@type":"ImageObject","inLanguage":"ca","@id":"https:\/\/www.bombi-abogados.es\/cat\/#\/schema\/logo\/image\/","url":"https:\/\/www.bombi-abogados.es\/cat\/wp-content\/uploads\/2017\/06\/logo-2016.jpg","contentUrl":"https:\/\/www.bombi-abogados.es\/cat\/wp-content\/uploads\/2017\/06\/logo-2016.jpg","width":265,"height":73,"caption":"BOMB\u00cd & RIPOLL ADVOCATS, SCP"},"image":{"@id":"https:\/\/www.bombi-abogados.es\/cat\/#\/schema\/logo\/image\/"}}]}},"_links":{"self":[{"href":"https:\/\/www.bombi-abogados.es\/cat\/wp-json\/wp\/v2\/pages\/2519","targetHints":{"allow":["GET"]}}],"collection":[{"href":"https:\/\/www.bombi-abogados.es\/cat\/wp-json\/wp\/v2\/pages"}],"about":[{"href":"https:\/\/www.bombi-abogados.es\/cat\/wp-json\/wp\/v2\/types\/page"}],"author":[{"embeddable":true,"href":"https:\/\/www.bombi-abogados.es\/cat\/wp-json\/wp\/v2\/users\/3"}],"replies":[{"embeddable":true,"href":"https:\/\/www.bombi-abogados.es\/cat\/wp-json\/wp\/v2\/comments?post=2519"}],"version-history":[{"count":9,"href":"https:\/\/www.bombi-abogados.es\/cat\/wp-json\/wp\/v2\/pages\/2519\/revisions"}],"predecessor-version":[{"id":4502,"href":"https:\/\/www.bombi-abogados.es\/cat\/wp-json\/wp\/v2\/pages\/2519\/revisions\/4502"}],"wp:attachment":[{"href":"https:\/\/www.bombi-abogados.es\/cat\/wp-json\/wp\/v2\/media?parent=2519"}],"curies":[{"name":"wp","href":"https:\/\/api.w.org\/{rel}","templated":true}]}}