{"id":2526,"date":"2017-06-22T10:31:10","date_gmt":"2017-06-22T10:31:10","guid":{"rendered":"https:\/\/www.bombi-abogados.es\/?page_id=2526"},"modified":"2025-11-11T14:03:12","modified_gmt":"2025-11-11T12:03:12","slug":"politica-de-privadesa","status":"publish","type":"page","link":"https:\/\/www.bombi-abogados.es\/cat\/politica-de-privadesa\/","title":{"rendered":"Pol\u00edtica de privadesa"},"content":{"rendered":"<div class=\"wpb-content-wrapper\">[vc_row][vc_column][vc_column_text css=&#8221;&#8221;]\n<h2>La nostra pol\u00edtica de privadesa<\/h2>\n<p style=\"text-align: justify;\">BOMBI &amp; RIPOLL ADVOCATS es reserva la facultat d&#8217;incloure en un fitxer de dades de car\u00e0cter personal creat sota la nostra responsabilitat les dades que ens faciliteu volunt\u00e0riament (per exemple a trav\u00e9s del correu electr\u00f2nic o de formularis posats a la vostra disposici\u00f3 en aquest lloc web) amb la finalitat de poder gestionar les vostres peticions i\/o consultes. Podeu exercir els drets d&#8217;acc\u00e9s, rectificaci\u00f3, cancel\u00b7laci\u00f3 i oposici\u00f3 dirigint a aquest efecte un escrit (acompanyant c\u00f2pia d&#8217;un document oficial que us identifiqui) BOMBI &amp; RIPOLL ADVOCATS (Roger de Ll\u00faria 147, Barcelona 08037), o enviant un correu electr\u00f2nic a info@bombi-abogados.es indicant al sobre oa l&#8217;assumpte del missatge la refer\u00e8ncia: \u201cPol\u00edtica de privadesa\u201d.<\/p>\n<p style=\"text-align: justify;\">BOMBI &amp; RIPOLL ADVOCATS es compromet a observar l&#8217;obligaci\u00f3 de secret de les dades de car\u00e0cter personal que ens faciliti, a tractar-les de forma confidencial ia guardar-les adoptant les mesures necess\u00e0ries per evitar la seva alteraci\u00f3, p\u00e8rdua, tractament o acc\u00e9s no autoritzats, tenint en compte en tot moment l&#8217;estat de la tecnologia.<\/p>\n<p style=\"text-align: justify;\">A la nostra p\u00e0gina web no hi ha hipervincles que permetin la comunicaci\u00f3 de les seves dades a altres p\u00e0gines web. A m\u00e9s, les vostres dades no seran segmentades ni tampoc farem \u00fas de m\u00e8todes invisibles de dades personals.<\/p>\n<p>\u00c9s possible que a la nostra p\u00e0gina web hi hagi formularis en qu\u00e8 es demanin les seves dades per a finalitats concretes. En aquestes circumst\u00e0ncies caldr\u00e0 ajustar-se a les condicions espec\u00edfiques aplicables en cada cas.[\/vc_column_text][vc_empty_space][\/vc_column][\/vc_row]\n<\/div>","protected":false},"excerpt":{"rendered":"<p>[vc_row][vc_column][vc_column_text css=&#8221;&#8221;] La nostra pol\u00edtica de privadesa BOMBI &amp; RIPOLL ADVOCATS es reserva la facultat d&#8217;incloure en un fitxer de dades de car\u00e0cter personal creat sota la nostra responsabilitat les dades que ens faciliteu volunt\u00e0riament (per exemple a trav\u00e9s del correu electr\u00f2nic o de formularis posats a la vostra disposici\u00f3 en aquest lloc web) amb&hellip;<\/p>\n","protected":false},"author":3,"featured_media":0,"parent":0,"menu_order":0,"comment_status":"closed","ping_status":"closed","template":"","meta":{"footnotes":""},"class_list":["post-2526","page","type-page","status-publish","hentry","entry","no-media"],"yoast_head":"<!-- This site is optimized with the Yoast SEO plugin v27.4 - https:\/\/yoast.com\/product\/yoast-seo-wordpress\/ -->\n<title>Pol\u00edtica de privadesa<\/title>\n<meta name=\"description\" content=\"BOMB\u00cd &amp; RIPOLL. Consulta la nostra pol\u00edtica de privadesa\" \/>\n<meta name=\"robots\" content=\"noindex, follow\" \/>\n<meta property=\"og:locale\" content=\"ca_ES\" \/>\n<meta property=\"og:type\" content=\"article\" \/>\n<meta property=\"og:title\" content=\"Pol\u00edtica de privadesa\" \/>\n<meta property=\"og:description\" content=\"BOMB\u00cd &amp; RIPOLL. Consulta la nostra pol\u00edtica de privadesa\" \/>\n<meta property=\"og:url\" content=\"https:\/\/www.bombi-abogados.es\/cat\/politica-de-privadesa\/\" \/>\n<meta property=\"og:site_name\" content=\"Bomb\u00ed &amp; Ripoll Bufet Advocats Barcelona\" \/>\n<meta property=\"article:modified_time\" content=\"2025-11-11T12:03:12+00:00\" \/>\n<meta name=\"twitter:card\" content=\"summary_large_image\" \/>\n<meta name=\"twitter:label1\" content=\"Temps estimat de lectura\" \/>\n\t<meta name=\"twitter:data1\" content=\"2 minuts\" \/>\n<script type=\"application\/ld+json\" class=\"yoast-schema-graph\">{\"@context\":\"https:\\\/\\\/schema.org\",\"@graph\":[{\"@type\":\"WebPage\",\"@id\":\"https:\\\/\\\/www.bombi-abogados.es\\\/cat\\\/politica-de-privadesa\\\/\",\"url\":\"https:\\\/\\\/www.bombi-abogados.es\\\/cat\\\/politica-de-privadesa\\\/\",\"name\":\"Pol\u00edtica de privadesa\",\"isPartOf\":{\"@id\":\"https:\\\/\\\/www.bombi-abogados.es\\\/cat\\\/#website\"},\"datePublished\":\"2017-06-22T10:31:10+00:00\",\"dateModified\":\"2025-11-11T12:03:12+00:00\",\"description\":\"BOMB\u00cd & RIPOLL. Consulta la nostra pol\u00edtica de privadesa\",\"breadcrumb\":{\"@id\":\"https:\\\/\\\/www.bombi-abogados.es\\\/cat\\\/politica-de-privadesa\\\/#breadcrumb\"},\"inLanguage\":\"ca\",\"potentialAction\":[{\"@type\":\"ReadAction\",\"target\":[\"https:\\\/\\\/www.bombi-abogados.es\\\/cat\\\/politica-de-privadesa\\\/\"]}]},{\"@type\":\"BreadcrumbList\",\"@id\":\"https:\\\/\\\/www.bombi-abogados.es\\\/cat\\\/politica-de-privadesa\\\/#breadcrumb\",\"itemListElement\":[{\"@type\":\"ListItem\",\"position\":1,\"name\":\"Portada\",\"item\":\"https:\\\/\\\/www.bombi-abogados.es\\\/cat\\\/\"},{\"@type\":\"ListItem\",\"position\":2,\"name\":\"Pol\u00edtica de privadesa\"}]},{\"@type\":\"WebSite\",\"@id\":\"https:\\\/\\\/www.bombi-abogados.es\\\/cat\\\/#website\",\"url\":\"https:\\\/\\\/www.bombi-abogados.es\\\/cat\\\/\",\"name\":\"Bomb\u00ed &amp; Ripoll Bufet Advocats Barcelona\",\"description\":\"\",\"publisher\":{\"@id\":\"https:\\\/\\\/www.bombi-abogados.es\\\/cat\\\/#organization\"},\"potentialAction\":[{\"@type\":\"SearchAction\",\"target\":{\"@type\":\"EntryPoint\",\"urlTemplate\":\"https:\\\/\\\/www.bombi-abogados.es\\\/cat\\\/?s={search_term_string}\"},\"query-input\":{\"@type\":\"PropertyValueSpecification\",\"valueRequired\":true,\"valueName\":\"search_term_string\"}}],\"inLanguage\":\"ca\"},{\"@type\":\"Organization\",\"@id\":\"https:\\\/\\\/www.bombi-abogados.es\\\/cat\\\/#organization\",\"name\":\"BOMB\u00cd & RIPOLL ADVOCATS, SCP\",\"url\":\"https:\\\/\\\/www.bombi-abogados.es\\\/cat\\\/\",\"logo\":{\"@type\":\"ImageObject\",\"inLanguage\":\"ca\",\"@id\":\"https:\\\/\\\/www.bombi-abogados.es\\\/cat\\\/#\\\/schema\\\/logo\\\/image\\\/\",\"url\":\"https:\\\/\\\/www.bombi-abogados.es\\\/cat\\\/wp-content\\\/uploads\\\/2017\\\/06\\\/logo-2016.jpg\",\"contentUrl\":\"https:\\\/\\\/www.bombi-abogados.es\\\/cat\\\/wp-content\\\/uploads\\\/2017\\\/06\\\/logo-2016.jpg\",\"width\":265,\"height\":73,\"caption\":\"BOMB\u00cd & RIPOLL ADVOCATS, SCP\"},\"image\":{\"@id\":\"https:\\\/\\\/www.bombi-abogados.es\\\/cat\\\/#\\\/schema\\\/logo\\\/image\\\/\"}}]}<\/script>\n<!-- \/ Yoast SEO plugin. -->","yoast_head_json":{"title":"Pol\u00edtica de privadesa","description":"BOMB\u00cd & RIPOLL. Consulta la nostra pol\u00edtica de privadesa","robots":{"index":"noindex","follow":"follow"},"og_locale":"ca_ES","og_type":"article","og_title":"Pol\u00edtica de privadesa","og_description":"BOMB\u00cd & RIPOLL. Consulta la nostra pol\u00edtica de privadesa","og_url":"https:\/\/www.bombi-abogados.es\/cat\/politica-de-privadesa\/","og_site_name":"Bomb\u00ed &amp; Ripoll Bufet Advocats Barcelona","article_modified_time":"2025-11-11T12:03:12+00:00","twitter_card":"summary_large_image","twitter_misc":{"Temps estimat de lectura":"2 minuts"},"schema":{"@context":"https:\/\/schema.org","@graph":[{"@type":"WebPage","@id":"https:\/\/www.bombi-abogados.es\/cat\/politica-de-privadesa\/","url":"https:\/\/www.bombi-abogados.es\/cat\/politica-de-privadesa\/","name":"Pol\u00edtica de privadesa","isPartOf":{"@id":"https:\/\/www.bombi-abogados.es\/cat\/#website"},"datePublished":"2017-06-22T10:31:10+00:00","dateModified":"2025-11-11T12:03:12+00:00","description":"BOMB\u00cd & RIPOLL. Consulta la nostra pol\u00edtica de privadesa","breadcrumb":{"@id":"https:\/\/www.bombi-abogados.es\/cat\/politica-de-privadesa\/#breadcrumb"},"inLanguage":"ca","potentialAction":[{"@type":"ReadAction","target":["https:\/\/www.bombi-abogados.es\/cat\/politica-de-privadesa\/"]}]},{"@type":"BreadcrumbList","@id":"https:\/\/www.bombi-abogados.es\/cat\/politica-de-privadesa\/#breadcrumb","itemListElement":[{"@type":"ListItem","position":1,"name":"Portada","item":"https:\/\/www.bombi-abogados.es\/cat\/"},{"@type":"ListItem","position":2,"name":"Pol\u00edtica de privadesa"}]},{"@type":"WebSite","@id":"https:\/\/www.bombi-abogados.es\/cat\/#website","url":"https:\/\/www.bombi-abogados.es\/cat\/","name":"Bomb\u00ed &amp; Ripoll Bufet Advocats Barcelona","description":"","publisher":{"@id":"https:\/\/www.bombi-abogados.es\/cat\/#organization"},"potentialAction":[{"@type":"SearchAction","target":{"@type":"EntryPoint","urlTemplate":"https:\/\/www.bombi-abogados.es\/cat\/?s={search_term_string}"},"query-input":{"@type":"PropertyValueSpecification","valueRequired":true,"valueName":"search_term_string"}}],"inLanguage":"ca"},{"@type":"Organization","@id":"https:\/\/www.bombi-abogados.es\/cat\/#organization","name":"BOMB\u00cd & RIPOLL ADVOCATS, SCP","url":"https:\/\/www.bombi-abogados.es\/cat\/","logo":{"@type":"ImageObject","inLanguage":"ca","@id":"https:\/\/www.bombi-abogados.es\/cat\/#\/schema\/logo\/image\/","url":"https:\/\/www.bombi-abogados.es\/cat\/wp-content\/uploads\/2017\/06\/logo-2016.jpg","contentUrl":"https:\/\/www.bombi-abogados.es\/cat\/wp-content\/uploads\/2017\/06\/logo-2016.jpg","width":265,"height":73,"caption":"BOMB\u00cd & RIPOLL ADVOCATS, SCP"},"image":{"@id":"https:\/\/www.bombi-abogados.es\/cat\/#\/schema\/logo\/image\/"}}]}},"_links":{"self":[{"href":"https:\/\/www.bombi-abogados.es\/cat\/wp-json\/wp\/v2\/pages\/2526","targetHints":{"allow":["GET"]}}],"collection":[{"href":"https:\/\/www.bombi-abogados.es\/cat\/wp-json\/wp\/v2\/pages"}],"about":[{"href":"https:\/\/www.bombi-abogados.es\/cat\/wp-json\/wp\/v2\/types\/page"}],"author":[{"embeddable":true,"href":"https:\/\/www.bombi-abogados.es\/cat\/wp-json\/wp\/v2\/users\/3"}],"replies":[{"embeddable":true,"href":"https:\/\/www.bombi-abogados.es\/cat\/wp-json\/wp\/v2\/comments?post=2526"}],"version-history":[{"count":5,"href":"https:\/\/www.bombi-abogados.es\/cat\/wp-json\/wp\/v2\/pages\/2526\/revisions"}],"predecessor-version":[{"id":4326,"href":"https:\/\/www.bombi-abogados.es\/cat\/wp-json\/wp\/v2\/pages\/2526\/revisions\/4326"}],"wp:attachment":[{"href":"https:\/\/www.bombi-abogados.es\/cat\/wp-json\/wp\/v2\/media?parent=2526"}],"curies":[{"name":"wp","href":"https:\/\/api.w.org\/{rel}","templated":true}]}}